{"id":2030,"date":"2016-03-07T10:01:15","date_gmt":"2016-03-07T08:01:15","guid":{"rendered":"http:\/\/dago.ee\/kirik\/?page_id=2030"},"modified":"2026-04-08T20:57:43","modified_gmt":"2026-04-08T17:57:43","slug":"puhalepa","status":"publish","type":"page","link":"https:\/\/dago.ee\/kirik\/puhalepa\/","title":{"rendered":"P\u00dcHALEPA"},"content":{"rendered":"\n<h5 class=\"wp-block-heading\">EESTI EVANGEELSE LUTERLIKU KIRIKU P\u00dcHALEPA LAURENTSIUSE KOGUDUS<\/h5>\n\n\n\n<p><strong>JUMALATEENISTUSED P\u00dcHALEPA KIRIKUS KUU IGAL 2. P\u00dcHAP\u00c4EVAL KELL 13.00<\/strong><\/p>\n\n\n\n<p>Kontaktaadress: Uus 4-2, Suurem\u00f5isa, 92302 Hiiumaa vald, e-post&nbsp;<a href=\"mailto:pyhalepa@dago.ee\">pyhalepa@dago.ee<\/a><\/p>\n\n\n\n<p>Hooldaja\u00f5petaja Triin Simson, tel. 5621 2357<br \/>Juhatuse esimees Hilja Hiiemets, tel. 509 4096<br \/>Organist Siiri R\u00fc\u00fctelmaa, tel 528 0592<\/p>\n\n\n\n<p>Arveldusarve: EE512200001120247328 Swedbank<\/p>\n\n\n\n<p>Annetused P\u00fchalepa kiriku renoveerimise toetuseks: EE832200001120251408 Swedbank<\/p>\n\n\n\n<p><\/p>\n\n\n\n<p><\/p>\n","protected":false},"excerpt":{"rendered":"<p>EESTI EVANGEELSE LUTERLIKU KIRIKU P\u00dcHALEPA LAURENTSIUSE KOGUDUS JUMALATEENISTUSED P\u00dcHALEPA KIRIKUS KUU IGAL 2. P\u00dcHAP\u00c4EVAL KELL 13.00 Kontaktaadress: Uus 4-2, Suurem\u00f5isa, 92302 Hiiumaa vald, e-post&nbsp;pyhalepa@dago.ee Hooldaja\u00f5petaja<\/p>\n","protected":false},"author":1,"featured_media":2161,"parent":0,"menu_order":5,"comment_status":"closed","ping_status":"closed","template":"","meta":{"footnotes":""},"class_list":["post-2030","page","type-page","status-publish","has-post-thumbnail","hentry"],"_links":{"self":[{"href":"https:\/\/dago.ee\/kirik\/wp-json\/wp\/v2\/pages\/2030","targetHints":{"allow":["GET"]}}],"collection":[{"href":"https:\/\/dago.ee\/kirik\/wp-json\/wp\/v2\/pages"}],"about":[{"href":"https:\/\/dago.ee\/kirik\/wp-json\/wp\/v2\/types\/page"}],"author":[{"embeddable":true,"href":"https:\/\/dago.ee\/kirik\/wp-json\/wp\/v2\/users\/1"}],"replies":[{"embeddable":true,"href":"https:\/\/dago.ee\/kirik\/wp-json\/wp\/v2\/comments?post=2030"}],"version-history":[{"count":9,"href":"https:\/\/dago.ee\/kirik\/wp-json\/wp\/v2\/pages\/2030\/revisions"}],"predecessor-version":[{"id":3333,"href":"https:\/\/dago.ee\/kirik\/wp-json\/wp\/v2\/pages\/2030\/revisions\/3333"}],"wp:featuredmedia":[{"embeddable":true,"href":"https:\/\/dago.ee\/kirik\/wp-json\/wp\/v2\/media\/2161"}],"wp:attachment":[{"href":"https:\/\/dago.ee\/kirik\/wp-json\/wp\/v2\/media?parent=2030"}],"curies":[{"name":"wp","href":"https:\/\/api.w.org\/{rel}","templated":true}]}}