{"id":2034,"date":"2016-03-07T10:01:43","date_gmt":"2016-03-07T08:01:43","guid":{"rendered":"http:\/\/dago.ee\/kirik\/?page_id=2034"},"modified":"2023-12-18T15:32:11","modified_gmt":"2023-12-18T13:32:11","slug":"emmaste","status":"publish","type":"page","link":"https:\/\/dago.ee\/kirik\/emmaste\/","title":{"rendered":"EMMASTE"},"content":{"rendered":"\n<h5 class=\"wp-block-heading\">EESTI EVANGEELSE LUTERLIKU KIRIKU EMMASTE IMMANUELI KOGUDUS<\/h5>\n\n\n\n<p>Emmaste kirikla, Emmaste, 92001 Hiiumaa vald, e-post <a href=\"mailto:emmaste@dago.ee\">emmaste@dago.ee<\/a><\/p>\n\n\n\n<p>Hooldaja\u00f5petaja H\u00fcllo-Kristjan Simson, tel 5621 0324<br \/>Juhatuse esimees Siiri R\u00fc\u00fctelmaa, tel 528 0592<br \/>Organist Siiri R\u00fc\u00fctelmaa, tel 528 0592<br \/>Organist Kristi Ugam, tel. 5665 4859 (M\u00e4nsp\u00e4e kabel)<\/p>\n\n\n\n<p><\/p>\n\n\n\n<p>Arveldusarved:<br \/>EE252200001120153027 Swedbank (liikmeannetused)<br \/>EE802200221076147394 Swedbank (orelifond)<\/p>\n","protected":false},"excerpt":{"rendered":"<p>EESTI EVANGEELSE LUTERLIKU KIRIKU EMMASTE IMMANUELI KOGUDUS Emmaste kirikla, Emmaste, 92001 Hiiumaa vald, e-post emmaste@dago.ee Hooldaja\u00f5petaja H\u00fcllo-Kristjan Simson, tel 5621 0324Juhatuse esimees Siiri R\u00fc\u00fctelmaa, tel<\/p>\n","protected":false},"author":1,"featured_media":2040,"parent":0,"menu_order":4,"comment_status":"closed","ping_status":"closed","template":"","meta":{"footnotes":""},"class_list":["post-2034","page","type-page","status-publish","has-post-thumbnail","hentry"],"_links":{"self":[{"href":"https:\/\/dago.ee\/kirik\/wp-json\/wp\/v2\/pages\/2034","targetHints":{"allow":["GET"]}}],"collection":[{"href":"https:\/\/dago.ee\/kirik\/wp-json\/wp\/v2\/pages"}],"about":[{"href":"https:\/\/dago.ee\/kirik\/wp-json\/wp\/v2\/types\/page"}],"author":[{"embeddable":true,"href":"https:\/\/dago.ee\/kirik\/wp-json\/wp\/v2\/users\/1"}],"replies":[{"embeddable":true,"href":"https:\/\/dago.ee\/kirik\/wp-json\/wp\/v2\/comments?post=2034"}],"version-history":[{"count":2,"href":"https:\/\/dago.ee\/kirik\/wp-json\/wp\/v2\/pages\/2034\/revisions"}],"predecessor-version":[{"id":3054,"href":"https:\/\/dago.ee\/kirik\/wp-json\/wp\/v2\/pages\/2034\/revisions\/3054"}],"wp:featuredmedia":[{"embeddable":true,"href":"https:\/\/dago.ee\/kirik\/wp-json\/wp\/v2\/media\/2040"}],"wp:attachment":[{"href":"https:\/\/dago.ee\/kirik\/wp-json\/wp\/v2\/media?parent=2034"}],"curies":[{"name":"wp","href":"https:\/\/api.w.org\/{rel}","templated":true}]}}