{"id":2036,"date":"2016-03-07T10:01:53","date_gmt":"2016-03-07T08:01:53","guid":{"rendered":"http:\/\/dago.ee\/kirik\/?page_id=2036"},"modified":"2026-04-08T07:11:35","modified_gmt":"2026-04-08T04:11:35","slug":"kaina","status":"publish","type":"page","link":"https:\/\/dago.ee\/kirik\/kaina\/","title":{"rendered":"K\u00c4INA"},"content":{"rendered":"\n<h5 class=\"wp-block-heading\">EESTI EVANGEELSE LUTERLIKU KIRIKU K\u00c4INA MARTINI KOGUDUS<\/h5>\n\n\n\n<p><strong>JUMALATEENISTUSED K\u00c4INA KOGUDUSEMAJAS (Lootuse 4) KUU III, IV, (V) P\u00dcHALP\u00c4EVAL KELL 11.00, KASSARI KABELIS IGA KUU ESIMESEL P\u00dcHAP\u00c4EVAL KELL 13.00.<\/strong><\/p>\n\n\n\n<p><\/p>\n\n\n\n<p>Piiblilugemine neljap\u00e4eviti kell 19.00<\/p>\n\n\n\n<p>Kontaktaadress: Lootuse 4, K\u00e4ina, 92101 Hiiumaa vald, e-post <a href=\"mailto:kaina@dago.ee\">kaina@dago.ee<\/a><\/p>\n\n\n\n<p>Koguduse \u00f5petaja Triin Simson, tel. 5621 2357<br \/>Juhatuse esimees&nbsp;Diana \u00dcksik, tel. 5661 0688, aseesimees Tiina Veem, tel. 5340 5522<br \/>Organist Siiri R\u00fc\u00fctelmaa, tel. 528 0592<br \/>Kassari kabeli kirikuteenija Reet K\u00e4\u00e4ramees, tel. 5305 1858<\/p>\n\n\n\n<p>Arveldusarve: EE632200001120172422 Swedbank<\/p>\n\n\n\n<p>Annetused Kassari kabeli ja K\u00e4ina kiriku renoveerimise toetuseks: EE132200221078547507 Swedbank<\/p>\n\n\n\n<p><\/p>\n\n\n\n<p><\/p>\n","protected":false},"excerpt":{"rendered":"<p>EESTI EVANGEELSE LUTERLIKU KIRIKU K\u00c4INA MARTINI KOGUDUS JUMALATEENISTUSED K\u00c4INA KOGUDUSEMAJAS (Lootuse 4) KUU III, IV, (V) P\u00dcHALP\u00c4EVAL KELL 11.00, KASSARI KABELIS IGA KUU ESIMESEL P\u00dcHAP\u00c4EVAL<\/p>\n","protected":false},"author":1,"featured_media":2081,"parent":0,"menu_order":2,"comment_status":"closed","ping_status":"closed","template":"","meta":{"footnotes":""},"class_list":["post-2036","page","type-page","status-publish","has-post-thumbnail","hentry"],"_links":{"self":[{"href":"https:\/\/dago.ee\/kirik\/wp-json\/wp\/v2\/pages\/2036","targetHints":{"allow":["GET"]}}],"collection":[{"href":"https:\/\/dago.ee\/kirik\/wp-json\/wp\/v2\/pages"}],"about":[{"href":"https:\/\/dago.ee\/kirik\/wp-json\/wp\/v2\/types\/page"}],"author":[{"embeddable":true,"href":"https:\/\/dago.ee\/kirik\/wp-json\/wp\/v2\/users\/1"}],"replies":[{"embeddable":true,"href":"https:\/\/dago.ee\/kirik\/wp-json\/wp\/v2\/comments?post=2036"}],"version-history":[{"count":14,"href":"https:\/\/dago.ee\/kirik\/wp-json\/wp\/v2\/pages\/2036\/revisions"}],"predecessor-version":[{"id":3332,"href":"https:\/\/dago.ee\/kirik\/wp-json\/wp\/v2\/pages\/2036\/revisions\/3332"}],"wp:featuredmedia":[{"embeddable":true,"href":"https:\/\/dago.ee\/kirik\/wp-json\/wp\/v2\/media\/2081"}],"wp:attachment":[{"href":"https:\/\/dago.ee\/kirik\/wp-json\/wp\/v2\/media?parent=2036"}],"curies":[{"name":"wp","href":"https:\/\/api.w.org\/{rel}","templated":true}]}}