{"id":2091,"date":"2018-02-16T12:58:39","date_gmt":"2018-02-16T10:58:39","guid":{"rendered":"http:\/\/dago.ee\/kirik\/?page_id=2091"},"modified":"2023-02-03T16:36:11","modified_gmt":"2023-02-03T14:36:11","slug":"manspae-kabel","status":"publish","type":"page","link":"https:\/\/dago.ee\/kirik\/emmaste\/manspae-kabel\/","title":{"rendered":"M\u00c4NSP\u00c4E KABEL"},"content":{"rendered":"\n<p>Praegune M\u00e4nsp\u00e4e kabel on oma koha peal kolmas. Esimese kabeli ehitamise aega pole t\u00e4pselt teada. Arvatakse, et see v\u00f5is olla umbes aastal 1689. Esimene kabel olla p\u00fcstitatud t\u00e4nut\u00e4heks Jumalale taani meremeeste poolt, kes mereh\u00e4dalistena M\u00e4nsp\u00e4e randa p\u00e4\u00e4sesid. Kabel ehitati purunenud laeva t\u00fckkidest ja paadi pooltest ning olla mahutanud ainult k\u00fcmmekond inimest. Kui kaua esimene kabel p\u00fcsis pole teada.<\/p>\n\n\n\n<p>On kaks v\u00f5imalust &#8211; teist kabelit hakati ehitama kas aastal 1764 v\u00f5i 1797. M\u00f5lemad aastaarvud on praegusesse kabelisse j\u00e4\u00e4dvustatud. \u00dcks aastaarv on laevast s\u00e4ilinud pakul ja ja teine aastaarv on l\u00f5igatud torni talasse. Ka tornikell on daatumiga 1797. Teine kabel oli madal ja h\u00e4mar \u00f5lgkatusega puitehitis, kuid siiski suurem ja kindlam kui esimene.<\/p>\n\n\n<div class=\"wp-block-image\">\n<figure class=\"aligncenter size-large is-resized\"><img loading=\"lazy\" decoding=\"async\" src=\"http:\/\/dago.ee\/kirik\/wp-content\/uploads\/2018\/02\/manspaa_kabel22-e1518781339745-675x1024.jpg\" alt=\"\" class=\"wp-image-2099\" width=\"506\" height=\"768\" srcset=\"https:\/\/dago.ee\/kirik\/wp-content\/uploads\/2018\/02\/manspaa_kabel22-e1518781339745-675x1024.jpg 675w, https:\/\/dago.ee\/kirik\/wp-content\/uploads\/2018\/02\/manspaa_kabel22-e1518781339745-198x300.jpg 198w, https:\/\/dago.ee\/kirik\/wp-content\/uploads\/2018\/02\/manspaa_kabel22-e1518781339745-768x1166.jpg 768w, https:\/\/dago.ee\/kirik\/wp-content\/uploads\/2018\/02\/manspaa_kabel22-e1518781339745.jpg 1187w\" sizes=\"auto, (max-width: 506px) 100vw, 506px\" \/><figcaption class=\"wp-element-caption\">M\u00e4nsp\u00e4e kabel 1922.a.<\/figcaption><\/figure>\n<\/div>\n\n\n<p>19. saj. esimesel poolel t\u00f6\u00f6tas kabeli juures sealtkandi \u00fcks esimesi lugemiskoole. Kuni 1866. aastani kuulus M\u00e4nsp\u00e4e kabel K\u00e4ina koguduse alla. K\u00e4ina \u00f5petajal oli kohustus k\u00e4ia v\u00e4hemalt kord&nbsp;<span style=\"color: #000000;\">kuus kabelis jumalateenistusi pidamas. Muul ajal toimetas kabelis k\u00f6ster. 1867. aastast alates kuulub kabel Emmaste koguduse juurde, mis sellel aastal asutati.<\/span><\/p>\n\n\n\n<p>M\u00e4nsp\u00e4e praegune kabel on ehitatud Emmaste m\u00f5isah\u00e4rra parun Hoiningen-Huene poolt 9. aprillil 1908.a. kinnitatud plaani j\u00e4rgi. Kabeli ehituskontrakt s\u00f5lmiti 1908. aasta 30. j\u00fcrikuu p\u00e4eval, ehitajaks ehitusmeister Toomas Koolmeister. Kabel p\u00fchitseti 26. oktoobril 1908.a. Emmaste Immanueli koguduse abikirikuks, kuid ehitust\u00f6\u00f6d j\u00e4tkusid. V\u00f5ib oletada, et ehitus kestis 1912. aastani.<\/p>\n\n\n<div class=\"wp-block-image\">\n<figure class=\"aligncenter size-large\"><img loading=\"lazy\" decoding=\"async\" width=\"300\" height=\"400\" src=\"http:\/\/dago.ee\/kirik\/wp-content\/uploads\/2018\/02\/manspae.jpg\" alt=\"\" class=\"wp-image-2098\" srcset=\"https:\/\/dago.ee\/kirik\/wp-content\/uploads\/2018\/02\/manspae.jpg 300w, https:\/\/dago.ee\/kirik\/wp-content\/uploads\/2018\/02\/manspae-225x300.jpg 225w\" sizes=\"auto, (max-width: 300px) 100vw, 300px\" \/><\/figure>\n<\/div>","protected":false},"excerpt":{"rendered":"<p>Praegune M\u00e4nsp\u00e4e kabel on oma koha peal kolmas. Esimese kabeli ehitamise aega pole t\u00e4pselt teada. Arvatakse, et see v\u00f5is olla umbes aastal 1689. Esimene kabel<\/p>\n","protected":false},"author":1,"featured_media":2097,"parent":2034,"menu_order":1,"comment_status":"closed","ping_status":"closed","template":"template-full-width.php","meta":{"footnotes":""},"class_list":["post-2091","page","type-page","status-publish","has-post-thumbnail","hentry"],"_links":{"self":[{"href":"https:\/\/dago.ee\/kirik\/wp-json\/wp\/v2\/pages\/2091","targetHints":{"allow":["GET"]}}],"collection":[{"href":"https:\/\/dago.ee\/kirik\/wp-json\/wp\/v2\/pages"}],"about":[{"href":"https:\/\/dago.ee\/kirik\/wp-json\/wp\/v2\/types\/page"}],"author":[{"embeddable":true,"href":"https:\/\/dago.ee\/kirik\/wp-json\/wp\/v2\/users\/1"}],"replies":[{"embeddable":true,"href":"https:\/\/dago.ee\/kirik\/wp-json\/wp\/v2\/comments?post=2091"}],"version-history":[{"count":2,"href":"https:\/\/dago.ee\/kirik\/wp-json\/wp\/v2\/pages\/2091\/revisions"}],"predecessor-version":[{"id":2930,"href":"https:\/\/dago.ee\/kirik\/wp-json\/wp\/v2\/pages\/2091\/revisions\/2930"}],"up":[{"embeddable":true,"href":"https:\/\/dago.ee\/kirik\/wp-json\/wp\/v2\/pages\/2034"}],"wp:featuredmedia":[{"embeddable":true,"href":"https:\/\/dago.ee\/kirik\/wp-json\/wp\/v2\/media\/2097"}],"wp:attachment":[{"href":"https:\/\/dago.ee\/kirik\/wp-json\/wp\/v2\/media?parent=2091"}],"curies":[{"name":"wp","href":"https:\/\/api.w.org\/{rel}","templated":true}]}}