{"id":3172,"date":"2025-01-26T16:24:56","date_gmt":"2025-01-26T14:24:56","guid":{"rendered":"https:\/\/dago.ee\/kirik\/?page_id=3172"},"modified":"2025-02-28T11:09:10","modified_gmt":"2025-02-28T09:09:10","slug":"koguduseelu","status":"publish","type":"page","link":"https:\/\/dago.ee\/kirik\/kaina\/koguduseelu\/","title":{"rendered":"KOGUDUSEELU"},"content":{"rendered":"\n<p>Veebruar 2025 K\u00e4ina koguduses:<\/p>\n\n\n\n<p>K\u00e4ina kogudusemajas toimus 4 jumalateenistust, osales kokku 30 inimest. 16. veebruaril \u00f5nnitlesime jaanuari-veebruari s\u00fcnnip\u00e4evalapsi, toimus \u00fchine kohvilaud. Kassari kabelis toimus \u00fcks jumalateenistus, osales 10 inimest, sel k\u00fc\u00fcnlap\u00e4eva jumalateenistusel p\u00fchitseti ka kabeli aastane k\u00fc\u00fcnlavaru. Kassari kabelis toimus \u00f5htupalvus, osales 3 inimest.<\/p>\n\n\n\n<p>Veebruaris (02.02) valis koguduse t\u00e4iskogu kogudusele uue n\u00f5ukogu. N\u00f5ukokku kuuluvad Koidu Kogerma, Kati Kukk, Maret K\u00e4\u00e4ramees, Reet K\u00e4\u00e4ramees, Riho Lutter, Silvi Steinberg, Maret Tee\u00e4\u00e4re, Malle Vallikivi, Tiina Veem, J\u00fcri Viidebaum, Diana \u00dcksik. N\u00f5ukogu liikmete asemikeks valiti Krista Jaanim\u00e4gi ja Ulvi Mets. 08.02 valis n\u00f5ukogu juhatuse esimeheks Diana \u00dcksiku, aseesimeheks Tiina Veemi ja juhatuse liikmeteks Kati Kukk, Reet K\u00e4\u00e4ramees, Riho Lutter, Maret Tee\u00e4\u00e4re, J\u00fcri Viidebaum. Sinodisaadikuteks valiti Reet K\u00e4\u00e4ramees ja Silvi Steinberg, asendussaadikuteks Kati Kukk ja J\u00fcri Viidebaum. Raamatupidamist hakkab revideerima Aiki Maivel.<\/p>\n\n\n\n<p>Jaanuar 2025 K\u00e4ina koguduses:<\/p>\n\n\n\n<p>K\u00e4ina kogudusemajas toimus 4 jumalateenistust, osales kokku 16 inimest. Kassari kabelis toimus \u00fcks jumalateenistus, osales 7 inimest ja \u00f5htupalvus, osales 3 inimest. Alliansspalven\u00e4dala raames oli koguduse \u00f5petaja 07.01 kutsutud jutlustama M\u00e4eltse kabelisse. See oli eriline kogemus, sest just M\u00e4eltse kogudus pakkus peavarju K\u00e4ina kogudusele n\u00f5ukogude ajal, kui oma kirik oli varemeis.<\/p>\n\n\n\n<p><\/p>\n","protected":false},"excerpt":{"rendered":"<p>Veebruar 2025 K\u00e4ina koguduses: K\u00e4ina kogudusemajas toimus 4 jumalateenistust, osales kokku 30 inimest. 16. veebruaril \u00f5nnitlesime jaanuari-veebruari s\u00fcnnip\u00e4evalapsi, toimus \u00fchine kohvilaud. Kassari kabelis toimus \u00fcks<\/p>\n","protected":false},"author":2,"featured_media":0,"parent":2036,"menu_order":0,"comment_status":"closed","ping_status":"closed","template":"","meta":{"footnotes":""},"class_list":["post-3172","page","type-page","status-publish","hentry"],"_links":{"self":[{"href":"https:\/\/dago.ee\/kirik\/wp-json\/wp\/v2\/pages\/3172","targetHints":{"allow":["GET"]}}],"collection":[{"href":"https:\/\/dago.ee\/kirik\/wp-json\/wp\/v2\/pages"}],"about":[{"href":"https:\/\/dago.ee\/kirik\/wp-json\/wp\/v2\/types\/page"}],"author":[{"embeddable":true,"href":"https:\/\/dago.ee\/kirik\/wp-json\/wp\/v2\/users\/2"}],"replies":[{"embeddable":true,"href":"https:\/\/dago.ee\/kirik\/wp-json\/wp\/v2\/comments?post=3172"}],"version-history":[{"count":5,"href":"https:\/\/dago.ee\/kirik\/wp-json\/wp\/v2\/pages\/3172\/revisions"}],"predecessor-version":[{"id":3205,"href":"https:\/\/dago.ee\/kirik\/wp-json\/wp\/v2\/pages\/3172\/revisions\/3205"}],"up":[{"embeddable":true,"href":"https:\/\/dago.ee\/kirik\/wp-json\/wp\/v2\/pages\/2036"}],"wp:attachment":[{"href":"https:\/\/dago.ee\/kirik\/wp-json\/wp\/v2\/media?parent=3172"}],"curies":[{"name":"wp","href":"https:\/\/api.w.org\/{rel}","templated":true}]}}