{"id":3181,"date":"2025-01-26T16:32:13","date_gmt":"2025-01-26T14:32:13","guid":{"rendered":"https:\/\/dago.ee\/kirik\/?page_id=3181"},"modified":"2025-02-28T11:05:27","modified_gmt":"2025-02-28T09:05:27","slug":"koguduseelu","status":"publish","type":"page","link":"https:\/\/dago.ee\/kirik\/puhalepa\/koguduseelu\/","title":{"rendered":"KOGUDUSEELU"},"content":{"rendered":"\n<p>Veebruar 2025 koguduses:<\/p>\n\n\n\n<p>Veebruaris toimus kaks jumalateenistust, kus osales kokku 7 inimest. Kirik on v\u00e4ga k\u00fclm, 0 kraadi.<\/p>\n\n\n\n<p>Jaanuar 2025 koguduses<\/p>\n\n\n\n<p>12.01 toimus jumalateenistus, mis oli \u00fchtlasi Alliansspalven\u00e4dala l\u00f5pujumalateenistus, jutlustas Urmas Elmi<\/p>\n\n\n\n<p>26.01 toimus jumalateenistus armulauaga, kus osales 4 inimest. Valiti <strong>juhatuse esimees Hilja Hiiemets<\/strong>, <strong>juhatuse liige Sirje Heinma<\/strong>, m\u00f5lemad esindavad ka kogudust sinodil. Koguduse revidendiks valiti Eve Koljak. Koguduse hooldaja\u00f5petaja luges ette 2024 aasta tegevusaruande kokkuv\u00f5tte: Koguduse liikmeannetajate arv on 11. Kogudus on omamoodi teelahkmel kas \u00f5nnestub koguduseellu tagasi tuua neid liikmed, kes meil k\u00fcll nime poolest on kirjas, aga kelle k\u00e4ek\u00e4igust ei tea midagi ja uusi liikmeid.<br \/>Hetkel pole P\u00fchalepa koguduse p\u00f5himure ei kirikuhoone olukord, ega ka varade seis vaid<br \/>pigem kas see v\u00e4\u00e4rikas kogudus mis juba pea 800 aastat on j\u00e4rjepidevalt p\u00fcsinud, j\u00e4\u00e4b kestma.<\/p>\n","protected":false},"excerpt":{"rendered":"<p>Veebruar 2025 koguduses: Veebruaris toimus kaks jumalateenistust, kus osales kokku 7 inimest. Kirik on v\u00e4ga k\u00fclm, 0 kraadi. Jaanuar 2025 koguduses 12.01 toimus jumalateenistus, mis<\/p>\n","protected":false},"author":2,"featured_media":0,"parent":2030,"menu_order":0,"comment_status":"closed","ping_status":"closed","template":"","meta":{"footnotes":""},"class_list":["post-3181","page","type-page","status-publish","hentry"],"_links":{"self":[{"href":"https:\/\/dago.ee\/kirik\/wp-json\/wp\/v2\/pages\/3181","targetHints":{"allow":["GET"]}}],"collection":[{"href":"https:\/\/dago.ee\/kirik\/wp-json\/wp\/v2\/pages"}],"about":[{"href":"https:\/\/dago.ee\/kirik\/wp-json\/wp\/v2\/types\/page"}],"author":[{"embeddable":true,"href":"https:\/\/dago.ee\/kirik\/wp-json\/wp\/v2\/users\/2"}],"replies":[{"embeddable":true,"href":"https:\/\/dago.ee\/kirik\/wp-json\/wp\/v2\/comments?post=3181"}],"version-history":[{"count":6,"href":"https:\/\/dago.ee\/kirik\/wp-json\/wp\/v2\/pages\/3181\/revisions"}],"predecessor-version":[{"id":3201,"href":"https:\/\/dago.ee\/kirik\/wp-json\/wp\/v2\/pages\/3181\/revisions\/3201"}],"up":[{"embeddable":true,"href":"https:\/\/dago.ee\/kirik\/wp-json\/wp\/v2\/pages\/2030"}],"wp:attachment":[{"href":"https:\/\/dago.ee\/kirik\/wp-json\/wp\/v2\/media?parent=3181"}],"curies":[{"name":"wp","href":"https:\/\/api.w.org\/{rel}","templated":true}]}}